{"id":143,"date":"2019-09-15T15:36:39","date_gmt":"2019-09-15T15:36:39","guid":{"rendered":"https:\/\/helpmepost.com\/blog\/?page_id=143"},"modified":"2023-07-31T17:42:32","modified_gmt":"2023-07-31T15:42:32","slug":"f-a-q","status":"publish","type":"page","link":"https:\/\/helpmepost.com\/blog\/f-a-q\/","title":{"rendered":"F.A.Q."},"content":{"rendered":"\t\t<div data-elementor-type=\"wp-page\" data-elementor-id=\"143\" class=\"elementor elementor-143\" data-elementor-post-type=\"page\">\n\t\t\t\t\t\t<section data-particle_enable=\"false\" data-particle-mobile-disabled=\"false\" class=\"elementor-section elementor-top-section elementor-element elementor-element-22998d2 elementor-section-boxed elementor-section-height-default elementor-section-height-default\" data-id=\"22998d2\" data-element_type=\"section\" data-e-type=\"section\">\n\t\t\t\t\t\t<div class=\"elementor-container elementor-column-gap-default\">\n\t\t\t\t\t<div class=\"elementor-column elementor-col-100 elementor-top-column elementor-element elementor-element-15c2d67\" data-id=\"15c2d67\" data-element_type=\"column\" data-e-type=\"column\">\n\t\t\t<div class=\"elementor-widget-wrap elementor-element-populated\">\n\t\t\t\t\t\t<div class=\"elementor-element elementor-element-b35bb30 elementor-widget elementor-widget-heading\" data-id=\"b35bb30\" data-element_type=\"widget\" data-e-type=\"widget\" data-widget_type=\"heading.default\">\n\t\t\t\t<div class=\"elementor-widget-container\">\n\t\t\t\t\t<h2 class=\"elementor-heading-title elementor-size-default\">Domande Frequenti\n<\/h2>\t\t\t\t<\/div>\n\t\t\t\t<\/div>\n\t\t\t\t\t<\/div>\n\t\t<\/div>\n\t\t\t\t\t<\/div>\n\t\t<\/section>\n\t\t\t\t<section data-particle_enable=\"false\" data-particle-mobile-disabled=\"false\" class=\"elementor-section elementor-top-section elementor-element elementor-element-aa23052 elementor-section-boxed elementor-section-height-default elementor-section-height-default\" data-id=\"aa23052\" data-element_type=\"section\" data-e-type=\"section\">\n\t\t\t\t\t\t<div class=\"elementor-container elementor-column-gap-default\">\n\t\t\t\t\t<div class=\"elementor-column elementor-col-100 elementor-top-column elementor-element elementor-element-712098a\" data-id=\"712098a\" data-element_type=\"column\" data-e-type=\"column\">\n\t\t\t<div class=\"elementor-widget-wrap elementor-element-populated\">\n\t\t\t\t\t\t<div class=\"elementor-element elementor-element-a60c4cf elementor-widget elementor-widget-eael-adv-accordion\" data-id=\"a60c4cf\" data-element_type=\"widget\" data-e-type=\"widget\" data-widget_type=\"eael-adv-accordion.default\">\n\t\t\t\t<div class=\"elementor-widget-container\">\n\t\t\t\t\t            <div class=\"eael-adv-accordion\" id=\"eael-adv-accordion-a60c4cf\" data-scroll-on-click=\"no\" data-scroll-speed=\"300\" data-accordion-id=\"a60c4cf\" data-accordion-type=\"accordion\" data-toogle-speed=\"300\">\n            <div class=\"eael-accordion-list\">\n\t\t\t\t\t<div id=\"1-cos-help-me-post\" class=\"elementor-tab-title eael-accordion-header\" tabindex=\"0\" data-tab=\"1\" aria-controls=\"elementor-tab-content-1741\"><span class=\"eael-advanced-accordion-icon-closed\"><\/span><span class=\"eael-advanced-accordion-icon-opened\"><svg aria-hidden=\"true\" class=\"fa-accordion-icon e-font-icon-svg e-fas-minus\" viewBox=\"0 0 448 512\" xmlns=\"http:\/\/www.w3.org\/2000\/svg\"><path d=\"M416 208H32c-17.67 0-32 14.33-32 32v32c0 17.67 14.33 32 32 32h384c17.67 0 32-14.33 32-32v-32c0-17.67-14.33-32-32-32z\"><\/path><\/svg><\/span><span class=\"eael-accordion-tab-title\">1 - Cos'\u00e8 <a href=\"https:\/\/helpmepost.com\/blog\/gestire-i-social-in-modo-efficace-scopri-il-potere-di-help-me-post\/\">Help ME Post<\/a>?<\/span><svg aria-hidden=\"true\" class=\"fa-toggle e-font-icon-svg e-fas-angle-right\" viewBox=\"0 0 256 512\" xmlns=\"http:\/\/www.w3.org\/2000\/svg\"><path d=\"M224.3 273l-136 136c-9.4 9.4-24.6 9.4-33.9 0l-22.6-22.6c-9.4-9.4-9.4-24.6 0-33.9l96.4-96.4-96.4-96.4c-9.4-9.4-9.4-24.6 0-33.9L54.3 103c9.4-9.4 24.6-9.4 33.9 0l136 136c9.5 9.4 9.5 24.6.1 34z\"><\/path><\/svg><\/div><div id=\"elementor-tab-content-1741\" class=\"eael-accordion-content clearfix\" data-tab=\"1\" aria-labelledby=\"1-cos-help-me-post\"><p><strong>Help Me Post<\/strong> \u00e8 un tool dedicato a chi gestisce o vuole gestire i <strong><a href=\"https:\/\/helpmepost.com\/blog\/i-top-hashtag-di-gennaio-2024-una-guida-per-brillare-sui-social\/\">Social Media<\/a><\/strong>, consente di creare un <strong>piano editoriale<\/strong> per il Social Media Management. Grazie a\u00a0<strong>Help Me Post<\/strong> \u00e8 possibile gestire contemporaneamente le attivit\u00e0 su pi\u00f9 social network. A differenza di software analoghi, consente una gestione semplice e veloce con strumenti per migliorare la produttivit\u00e0 che consentono di risparmiare fino al <strong>70% del proprio tempo<\/strong>.<\/p><\/div>\n\t\t\t\t\t<\/div><div class=\"eael-accordion-list\">\n\t\t\t\t\t<div id=\"2-a-chi-si-rivolge\" class=\"elementor-tab-title eael-accordion-header\" tabindex=\"0\" data-tab=\"2\" aria-controls=\"elementor-tab-content-1742\"><span class=\"eael-advanced-accordion-icon-closed\"><\/span><span class=\"eael-advanced-accordion-icon-opened\"><svg aria-hidden=\"true\" class=\"fa-accordion-icon e-font-icon-svg e-fas-minus\" viewBox=\"0 0 448 512\" xmlns=\"http:\/\/www.w3.org\/2000\/svg\"><path d=\"M416 208H32c-17.67 0-32 14.33-32 32v32c0 17.67 14.33 32 32 32h384c17.67 0 32-14.33 32-32v-32c0-17.67-14.33-32-32-32z\"><\/path><\/svg><\/span><span class=\"eael-accordion-tab-title\">2 - A chi si rivolge?<\/span><svg aria-hidden=\"true\" class=\"fa-toggle e-font-icon-svg e-fas-angle-right\" viewBox=\"0 0 256 512\" xmlns=\"http:\/\/www.w3.org\/2000\/svg\"><path d=\"M224.3 273l-136 136c-9.4 9.4-24.6 9.4-33.9 0l-22.6-22.6c-9.4-9.4-9.4-24.6 0-33.9l96.4-96.4-96.4-96.4c-9.4-9.4-9.4-24.6 0-33.9L54.3 103c9.4-9.4 24.6-9.4 33.9 0l136 136c9.5 9.4 9.5 24.6.1 34z\"><\/path><\/svg><\/div><div id=\"elementor-tab-content-1742\" class=\"eael-accordion-content clearfix\" data-tab=\"2\" aria-labelledby=\"2-a-chi-si-rivolge\"><p><strong>Privati<\/strong> &#8211; Con attivit\u00e0 di Social Media per hobby o divertimento <strong>Professionisti e freelance<\/strong>\u00a0\u2014 per attivit\u00e0 di Social Media Management e Personal Branding; <strong>Aziende<\/strong>\u00a0\u2014 che vogliano gestire autonomamente la comunicazione sui Social Media; <strong>Web Agency<\/strong>\u00a0\u2014 per gestire pi\u00f9 clienti e campagne di comunicazione in modo efficiente e produttivo; <strong>Blogger e <a href=\"https:\/\/helpmepost.com\/blog\/influencer-e-agcom-nuove-regole-e-multe-salate\/\">Influencer<\/a><\/strong>\u00a0\u2014 Per chi lavora solo con i Social e vuole una piattaforma veloce e dinamica con funzionalit\u00e0 esclusive.<\/p><\/div>\n\t\t\t\t\t<\/div><div class=\"eael-accordion-list\">\n\t\t\t\t\t<div id=\"3-quali-account-posso-collegare\" class=\"elementor-tab-title eael-accordion-header\" tabindex=\"0\" data-tab=\"3\" aria-controls=\"elementor-tab-content-1743\"><span class=\"eael-advanced-accordion-icon-closed\"><\/span><span class=\"eael-advanced-accordion-icon-opened\"><svg aria-hidden=\"true\" class=\"fa-accordion-icon e-font-icon-svg e-fas-minus\" viewBox=\"0 0 448 512\" xmlns=\"http:\/\/www.w3.org\/2000\/svg\"><path d=\"M416 208H32c-17.67 0-32 14.33-32 32v32c0 17.67 14.33 32 32 32h384c17.67 0 32-14.33 32-32v-32c0-17.67-14.33-32-32-32z\"><\/path><\/svg><\/span><span class=\"eael-accordion-tab-title\">3 - Quali account posso collegare?<\/span><svg aria-hidden=\"true\" class=\"fa-toggle e-font-icon-svg e-fas-angle-right\" viewBox=\"0 0 256 512\" xmlns=\"http:\/\/www.w3.org\/2000\/svg\"><path d=\"M224.3 273l-136 136c-9.4 9.4-24.6 9.4-33.9 0l-22.6-22.6c-9.4-9.4-9.4-24.6 0-33.9l96.4-96.4-96.4-96.4c-9.4-9.4-9.4-24.6 0-33.9L54.3 103c9.4-9.4 24.6-9.4 33.9 0l136 136c9.5 9.4 9.5 24.6.1 34z\"><\/path><\/svg><\/div><div id=\"elementor-tab-content-1743\" class=\"eael-accordion-content clearfix\" data-tab=\"3\" aria-labelledby=\"3-quali-account-posso-collegare\"><p>Con Help Me post puoi collegari diversi Social e gestire pagine, gruppi come ad esempio:<\/p><p><b><a href=\"https:\/\/helpmepost.com\/blog\/i-migliori-hashtag-di-dicembre-2023-conquista-instagram\/\">Instagram<\/a><\/b>\u00a0&#8211; (Profili Personali, Account Business)<br \/><b>Facebook<\/b>\u00a0&#8211; (Pagine, Gruppi amministrati)<br \/><b>Twitter<\/b>\u00a0&#8211; (Account)<br \/><b>LinkedIn<\/b>\u00a0&#8211; (Profili, Pagine)<br \/><b>Google My Business<\/b>&#8211; (Schede Attivit\u00e0)<br \/><b>YouTube<\/b>\u00a0&#8211; (Canali)<br \/><b>Pinterest<\/b>\u00a0&#8211; (Account, bacheche)<br \/><b>Tumblr<\/b>\u00a0&#8211; (Account)<br \/><b>VK<\/b>\u00a0&#8211; (Account, Pagine e Gruppi)<br \/><b>Telegram<\/b>\u00a0&#8211; (Canali)<\/p><\/div>\n\t\t\t\t\t<\/div><div class=\"eael-accordion-list\">\n\t\t\t\t\t<div id=\"4-ho-collegato-instagram-ma-risulta-una-connessione-da-amsterdam-come-mai\" class=\"elementor-tab-title eael-accordion-header\" tabindex=\"0\" data-tab=\"4\" aria-controls=\"elementor-tab-content-1744\"><span class=\"eael-advanced-accordion-icon-closed\"><\/span><span class=\"eael-advanced-accordion-icon-opened\"><svg aria-hidden=\"true\" class=\"fa-accordion-icon e-font-icon-svg e-fas-minus\" viewBox=\"0 0 448 512\" xmlns=\"http:\/\/www.w3.org\/2000\/svg\"><path d=\"M416 208H32c-17.67 0-32 14.33-32 32v32c0 17.67 14.33 32 32 32h384c17.67 0 32-14.33 32-32v-32c0-17.67-14.33-32-32-32z\"><\/path><\/svg><\/span><span class=\"eael-accordion-tab-title\">4 - Ho collegato Instagram ma risulta una connessione da Amsterdam, come mai?<\/span><svg aria-hidden=\"true\" class=\"fa-toggle e-font-icon-svg e-fas-angle-right\" viewBox=\"0 0 256 512\" xmlns=\"http:\/\/www.w3.org\/2000\/svg\"><path d=\"M224.3 273l-136 136c-9.4 9.4-24.6 9.4-33.9 0l-22.6-22.6c-9.4-9.4-9.4-24.6 0-33.9l96.4-96.4-96.4-96.4c-9.4-9.4-9.4-24.6 0-33.9L54.3 103c9.4-9.4 24.6-9.4 33.9 0l136 136c9.5 9.4 9.5 24.6.1 34z\"><\/path><\/svg><\/div><div id=\"elementor-tab-content-1744\" class=\"eael-accordion-content clearfix\" data-tab=\"4\" aria-labelledby=\"4-ho-collegato-instagram-ma-risulta-una-connessione-da-amsterdam-come-mai\">La nostra piattaforma utilizza i server di Siteground, una delle migliori compagnie di Hosting in termini di velocit\u00e0 e sicurezza. Il loro datacenter Europeo si trova ad Amsterdam e per questo motivo potreste ricevere un&#8217;email di accesso sospetto da Amsterdam.<\/div>\n\t\t\t\t\t<\/div><div class=\"eael-accordion-list\">\n\t\t\t\t\t<div id=\"5-sto-aggiungendo-instagram-e-vedo-la-scritta-proxy-come-mai\" class=\"elementor-tab-title eael-accordion-header\" tabindex=\"0\" data-tab=\"5\" aria-controls=\"elementor-tab-content-1745\"><span class=\"eael-advanced-accordion-icon-closed\"><\/span><span class=\"eael-advanced-accordion-icon-opened\"><svg aria-hidden=\"true\" class=\"fa-accordion-icon e-font-icon-svg e-fas-minus\" viewBox=\"0 0 448 512\" xmlns=\"http:\/\/www.w3.org\/2000\/svg\"><path d=\"M416 208H32c-17.67 0-32 14.33-32 32v32c0 17.67 14.33 32 32 32h384c17.67 0 32-14.33 32-32v-32c0-17.67-14.33-32-32-32z\"><\/path><\/svg><\/span><span class=\"eael-accordion-tab-title\">5 - Sto aggiungendo Instagram e vedo la scritta \"proxy\" come mai?<\/span><svg aria-hidden=\"true\" class=\"fa-toggle e-font-icon-svg e-fas-angle-right\" viewBox=\"0 0 256 512\" xmlns=\"http:\/\/www.w3.org\/2000\/svg\"><path d=\"M224.3 273l-136 136c-9.4 9.4-24.6 9.4-33.9 0l-22.6-22.6c-9.4-9.4-9.4-24.6 0-33.9l96.4-96.4-96.4-96.4c-9.4-9.4-9.4-24.6 0-33.9L54.3 103c9.4-9.4 24.6-9.4 33.9 0l136 136c9.5 9.4 9.5 24.6.1 34z\"><\/path><\/svg><\/div><div id=\"elementor-tab-content-1745\" class=\"eael-accordion-content clearfix\" data-tab=\"5\" aria-labelledby=\"5-sto-aggiungendo-instagram-e-vedo-la-scritta-proxy-come-mai\"><p>Per chi volesse limitare il problema della geolocalizzazione del collegamento instagram pu\u00f2 acquistare separatamente un servizio proxy che permette di reindirizzare instagram a un server italiano al posto di quello di Amsterdam dove \u00e8 ospitato Help Me Post, comunque l&#8217;utilizzo o meno del proxy non interferisce sull&#8217;utilizzo della piattaforma.<\/p><\/div>\n\t\t\t\t\t<\/div><div class=\"eael-accordion-list\">\n\t\t\t\t\t<div id=\"6-ho-collegato-instagram-ma-mi-chiede-un-pin-come-mai\" class=\"elementor-tab-title eael-accordion-header\" tabindex=\"0\" data-tab=\"6\" aria-controls=\"elementor-tab-content-1746\"><span class=\"eael-advanced-accordion-icon-closed\"><\/span><span class=\"eael-advanced-accordion-icon-opened\"><svg aria-hidden=\"true\" class=\"fa-accordion-icon e-font-icon-svg e-fas-minus\" viewBox=\"0 0 448 512\" xmlns=\"http:\/\/www.w3.org\/2000\/svg\"><path d=\"M416 208H32c-17.67 0-32 14.33-32 32v32c0 17.67 14.33 32 32 32h384c17.67 0 32-14.33 32-32v-32c0-17.67-14.33-32-32-32z\"><\/path><\/svg><\/span><span class=\"eael-accordion-tab-title\">6 - Ho collegato Instagram ma mi chiede un pin come mai?<\/span><svg aria-hidden=\"true\" class=\"fa-toggle e-font-icon-svg e-fas-angle-right\" viewBox=\"0 0 256 512\" xmlns=\"http:\/\/www.w3.org\/2000\/svg\"><path d=\"M224.3 273l-136 136c-9.4 9.4-24.6 9.4-33.9 0l-22.6-22.6c-9.4-9.4-9.4-24.6 0-33.9l96.4-96.4-96.4-96.4c-9.4-9.4-9.4-24.6 0-33.9L54.3 103c9.4-9.4 24.6-9.4 33.9 0l136 136c9.5 9.4 9.5 24.6.1 34z\"><\/path><\/svg><\/div><div id=\"elementor-tab-content-1746\" class=\"eael-accordion-content clearfix\" data-tab=\"6\" aria-labelledby=\"6-ho-collegato-instagram-ma-mi-chiede-un-pin-come-mai\"><div class=\"question active\"><div class=\"answer\">Instagram \u00e8 uno dei social network pi\u00f9 utilizzati e anche uno dei pi\u00f9 attenti alla sicurezza, una volta inserite le vostre credenziali instagram mander\u00e0 all&#8217;email con la quale vi siete registrarti un pin di sicurezza per confermare la vostra identit\u00e0, questa operazione dovr\u00e0 essere fatta solo in fase di aggiunta dell&#8217;account a Help Me Post.<\/div><\/div><\/div>\n\t\t\t\t\t<\/div><div class=\"eael-accordion-list\">\n\t\t\t\t\t<div id=\"7-posso-provare-help-me-post-prima-di-acquistare-un-piano-commerciale\" class=\"elementor-tab-title eael-accordion-header\" tabindex=\"0\" data-tab=\"7\" aria-controls=\"elementor-tab-content-1747\"><span class=\"eael-advanced-accordion-icon-closed\"><\/span><span class=\"eael-advanced-accordion-icon-opened\"><svg aria-hidden=\"true\" class=\"fa-accordion-icon e-font-icon-svg e-fas-minus\" viewBox=\"0 0 448 512\" xmlns=\"http:\/\/www.w3.org\/2000\/svg\"><path d=\"M416 208H32c-17.67 0-32 14.33-32 32v32c0 17.67 14.33 32 32 32h384c17.67 0 32-14.33 32-32v-32c0-17.67-14.33-32-32-32z\"><\/path><\/svg><\/span><span class=\"eael-accordion-tab-title\">7 - Posso provare Help Me Post prima di acquistare un piano commerciale?<\/span><svg aria-hidden=\"true\" class=\"fa-toggle e-font-icon-svg e-fas-angle-right\" viewBox=\"0 0 256 512\" xmlns=\"http:\/\/www.w3.org\/2000\/svg\"><path d=\"M224.3 273l-136 136c-9.4 9.4-24.6 9.4-33.9 0l-22.6-22.6c-9.4-9.4-9.4-24.6 0-33.9l96.4-96.4-96.4-96.4c-9.4-9.4-9.4-24.6 0-33.9L54.3 103c9.4-9.4 24.6-9.4 33.9 0l136 136c9.5 9.4 9.5 24.6.1 34z\"><\/path><\/svg><\/div><div id=\"elementor-tab-content-1747\" class=\"eael-accordion-content clearfix\" data-tab=\"7\" aria-labelledby=\"7-posso-provare-help-me-post-prima-di-acquistare-un-piano-commerciale\"><div class=\"question active\"><div class=\"answer\">Certo! Puoi iscriverti a\u00a0<b>Help Me Post<\/b> e automaticamente avrai diretto a una prova gratuita di 30 giorni!<\/div><\/div><\/div>\n\t\t\t\t\t<\/div><div class=\"eael-accordion-list\">\n\t\t\t\t\t<div id=\"8-ho-acquistato-un-piano-ma-ho-bisogno-di-ulteriore-spazio-o-account-come-posso-fare\" class=\"elementor-tab-title eael-accordion-header\" tabindex=\"0\" data-tab=\"8\" aria-controls=\"elementor-tab-content-1748\"><span class=\"eael-advanced-accordion-icon-closed\"><\/span><span class=\"eael-advanced-accordion-icon-opened\"><svg aria-hidden=\"true\" class=\"fa-accordion-icon e-font-icon-svg e-fas-minus\" viewBox=\"0 0 448 512\" xmlns=\"http:\/\/www.w3.org\/2000\/svg\"><path d=\"M416 208H32c-17.67 0-32 14.33-32 32v32c0 17.67 14.33 32 32 32h384c17.67 0 32-14.33 32-32v-32c0-17.67-14.33-32-32-32z\"><\/path><\/svg><\/span><span class=\"eael-accordion-tab-title\">8 - Ho acquistato un piano ma ho bisogno di ulteriore spazio o account come posso fare?<\/span><svg aria-hidden=\"true\" class=\"fa-toggle e-font-icon-svg e-fas-angle-right\" viewBox=\"0 0 256 512\" xmlns=\"http:\/\/www.w3.org\/2000\/svg\"><path d=\"M224.3 273l-136 136c-9.4 9.4-24.6 9.4-33.9 0l-22.6-22.6c-9.4-9.4-9.4-24.6 0-33.9l96.4-96.4-96.4-96.4c-9.4-9.4-9.4-24.6 0-33.9L54.3 103c9.4-9.4 24.6-9.4 33.9 0l136 136c9.5 9.4 9.5 24.6.1 34z\"><\/path><\/svg><\/div><div id=\"elementor-tab-content-1748\" class=\"eael-accordion-content clearfix\" data-tab=\"8\" aria-labelledby=\"8-ho-acquistato-un-piano-ma-ho-bisogno-di-ulteriore-spazio-o-account-come-posso-fare\"><div class=\"question active\"><div class=\"answer\">In caso di problemi con il proprio abbonamento \u00e8 possibile scrivere le proprie necessit\u00e0 a info@helpmepost.com, normalmente scontiamo il piano superiore con il costo dell&#8217;abbonamento gi\u00e0 versato o proponiamo un&#8217;abbonamento su misura.<\/div><\/div><\/div>\n\t\t\t\t\t<\/div><div class=\"eael-accordion-list\">\n\t\t\t\t\t<div id=\"9-lavoro-in-questo-settore-posso-rivendere-help-me-post\" class=\"elementor-tab-title eael-accordion-header\" tabindex=\"0\" data-tab=\"9\" aria-controls=\"elementor-tab-content-1749\"><span class=\"eael-advanced-accordion-icon-closed\"><\/span><span class=\"eael-advanced-accordion-icon-opened\"><svg aria-hidden=\"true\" class=\"fa-accordion-icon e-font-icon-svg e-fas-minus\" viewBox=\"0 0 448 512\" xmlns=\"http:\/\/www.w3.org\/2000\/svg\"><path d=\"M416 208H32c-17.67 0-32 14.33-32 32v32c0 17.67 14.33 32 32 32h384c17.67 0 32-14.33 32-32v-32c0-17.67-14.33-32-32-32z\"><\/path><\/svg><\/span><span class=\"eael-accordion-tab-title\">9 - Lavoro in questo settore, posso rivendere Help Me Post?<\/span><svg aria-hidden=\"true\" class=\"fa-toggle e-font-icon-svg e-fas-angle-right\" viewBox=\"0 0 256 512\" xmlns=\"http:\/\/www.w3.org\/2000\/svg\"><path d=\"M224.3 273l-136 136c-9.4 9.4-24.6 9.4-33.9 0l-22.6-22.6c-9.4-9.4-9.4-24.6 0-33.9l96.4-96.4-96.4-96.4c-9.4-9.4-9.4-24.6 0-33.9L54.3 103c9.4-9.4 24.6-9.4 33.9 0l136 136c9.5 9.4 9.5 24.6.1 34z\"><\/path><\/svg><\/div><div id=\"elementor-tab-content-1749\" class=\"eael-accordion-content clearfix\" data-tab=\"9\" aria-labelledby=\"9-lavoro-in-questo-settore-posso-rivendere-help-me-post\"><p>Attualmente non abbiamo un sistema di rivendita o affiliazione a Help Me Post, in caso di collaborazione \u00e8 possibile inviare la porpria richiesta a info@helpmepost.com, sarete ricontattati con le indicazioni su come operare per collaborare con noi.<\/p><\/div>\n\t\t\t\t\t<\/div><div class=\"eael-accordion-list\">\n\t\t\t\t\t<div id=\"10-come-si-cancella-liscrizione-a-help-me-post\" class=\"elementor-tab-title eael-accordion-header\" tabindex=\"0\" data-tab=\"10\" aria-controls=\"elementor-tab-content-17410\"><span class=\"eael-advanced-accordion-icon-closed\"><\/span><span class=\"eael-advanced-accordion-icon-opened\"><svg aria-hidden=\"true\" class=\"fa-accordion-icon e-font-icon-svg e-fas-minus\" viewBox=\"0 0 448 512\" xmlns=\"http:\/\/www.w3.org\/2000\/svg\"><path d=\"M416 208H32c-17.67 0-32 14.33-32 32v32c0 17.67 14.33 32 32 32h384c17.67 0 32-14.33 32-32v-32c0-17.67-14.33-32-32-32z\"><\/path><\/svg><\/span><span class=\"eael-accordion-tab-title\">10 - Come si cancella l'iscrizione a Help Me Post<\/span><svg aria-hidden=\"true\" class=\"fa-toggle e-font-icon-svg e-fas-angle-right\" viewBox=\"0 0 256 512\" xmlns=\"http:\/\/www.w3.org\/2000\/svg\"><path d=\"M224.3 273l-136 136c-9.4 9.4-24.6 9.4-33.9 0l-22.6-22.6c-9.4-9.4-9.4-24.6 0-33.9l96.4-96.4-96.4-96.4c-9.4-9.4-9.4-24.6 0-33.9L54.3 103c9.4-9.4 24.6-9.4 33.9 0l136 136c9.5 9.4 9.5 24.6.1 34z\"><\/path><\/svg><\/div><div id=\"elementor-tab-content-17410\" class=\"eael-accordion-content clearfix\" data-tab=\"10\" aria-labelledby=\"10-come-si-cancella-liscrizione-a-help-me-post\"><p>Per rimuovere eliminare definitivamente il proprio account <strong>Help Me Post<\/strong> \u00e8 necessario inviare una richiesta via email a support@gtechgroup.it, utilizzando esclusivamente l\u2019account email con il quale ci si \u00e8 registrati al servizio.<\/p><\/div>\n\t\t\t\t\t<\/div><\/div>\t\t\t\t<\/div>\n\t\t\t\t<\/div>\n\t\t\t\t\t<\/div>\n\t\t<\/div>\n\t\t\t\t\t<\/div>\n\t\t<\/section>\n\t\t\t\t<\/div>\n\t\t","protected":false},"excerpt":{"rendered":"<p>Domande Frequenti 1 &#8211; Cos&#8217;\u00e8 Help ME Post? Help Me Post \u00e8 un tool dedicato a chi gestisce o vuole gestire i Social Media, consente di creare un piano editoriale per il Social Media Management. Grazie a\u00a0Help Me Post \u00e8 possibile gestire contemporaneamente le attivit\u00e0 su pi\u00f9 social network. A differenza di software analoghi, consente [&hellip;]<\/p>\n","protected":false},"author":1,"featured_media":0,"parent":0,"menu_order":0,"comment_status":"closed","ping_status":"closed","template":"elementor_header_footer","meta":{"_seopress_robots_primary_cat":"","_seopress_titles_title":"","_seopress_titles_desc":"","_seopress_robots_index":"","footnotes":""},"class_list":["post-143","page","type-page","status-publish","hentry"],"_links":{"self":[{"href":"https:\/\/helpmepost.com\/blog\/wp-json\/wp\/v2\/pages\/143","targetHints":{"allow":["GET"]}}],"collection":[{"href":"https:\/\/helpmepost.com\/blog\/wp-json\/wp\/v2\/pages"}],"about":[{"href":"https:\/\/helpmepost.com\/blog\/wp-json\/wp\/v2\/types\/page"}],"author":[{"embeddable":true,"href":"https:\/\/helpmepost.com\/blog\/wp-json\/wp\/v2\/users\/1"}],"replies":[{"embeddable":true,"href":"https:\/\/helpmepost.com\/blog\/wp-json\/wp\/v2\/comments?post=143"}],"version-history":[{"count":2,"href":"https:\/\/helpmepost.com\/blog\/wp-json\/wp\/v2\/pages\/143\/revisions"}],"predecessor-version":[{"id":19152,"href":"https:\/\/helpmepost.com\/blog\/wp-json\/wp\/v2\/pages\/143\/revisions\/19152"}],"wp:attachment":[{"href":"https:\/\/helpmepost.com\/blog\/wp-json\/wp\/v2\/media?parent=143"}],"curies":[{"name":"wp","href":"https:\/\/api.w.org\/{rel}","templated":true}]}}