{"id":158,"date":"2019-09-15T19:22:59","date_gmt":"2019-09-15T17:22:59","guid":{"rendered":"https:\/\/helpmepost.com\/blog\/?page_id=158"},"modified":"2019-09-15T19:25:34","modified_gmt":"2019-09-15T17:25:34","slug":"privacy-policy","status":"publish","type":"page","link":"https:\/\/helpmepost.com\/blog\/privacy-policy\/","title":{"rendered":"Privacy Policy"},"content":{"rendered":"<p><b><strong>Informativa Privacy\u00a0<\/strong><\/b>Gentile Utente,<\/p>\n<p>di seguito, sono elencate le modalit\u00e0 di trattamento dei dati che <a href=\"https:\/\/helpmepost.com\/blog\/gestire-i-social-in-modo-efficace-scopri-il-potere-di-help-me-post\/\">Help me post<\/a>, come di seguito meglio indicata, raccoglie e tratta per la fornitura dei propri servizi.<\/p>\n<p>&nbsp;<\/p>\n<ol>\n<li>Titolare del trattamento<\/li>\n<\/ol>\n<p>G Tech Group di Gianluca Gentile \u00a0( di seguito \u201cG Tech Group\u201d), societ\u00e0 di diritto italiana con sede legale, \u00a0Via Ticino 25\/D, Monterotondo (RM) 00015, Partita Iva 12238501006, iscritta nel registro delle imprese di Roma,, \u00e8 il titolare del trattamento dei dati, nella figura del proprio amministratore unico (o, ove dovesse essere modificata la forma di governance, del soggetto che avr\u00e0 la rappresentanza di Help me post).<\/p>\n<p>&nbsp;<\/p>\n<p>In qualit\u00e0 di titolare del trattamento dei dati personali raccolti durante la navigazione delle varie sezioni e sottosezioni del sito www.Helpmepost.com per la fornitura e lo svolgimento dei propri servizi, G tech Group si impegna a garantire il rispetto della disciplina in materia di privacy, come modificata dal Regolamento dell\u2019Unione Europea n. 679\/2016 (di seguito, \u201cGDPR\u201d), fornendo ai propri clienti tutte le relative informazioni sia in merito alle modalit\u00e0 di raccolta, archiviazione ed utilizzo dei predetti dati che per quanto riguarda i diritti di ciascun utente.<\/p>\n<p>&nbsp;<\/p>\n<p>Per qualsiasi informazione e\/o ulteriore chiarimento \u00e8 possibile contattare G tech Group, in qualit\u00e0 di \u00a0titolare del trattamento e protezione dei suddetti dati, scrivendo a: info@helpmepost.com<\/p>\n<p>&nbsp;<\/p>\n<ol start=\"2\">\n<li>Dati personali trattati, finalit\u00e0 e basi giuridiche del trattamento.<\/li>\n<li>Dati personali trattati<\/li>\n<\/ol>\n<p>&nbsp;<\/p>\n<p>Al fine di eseguire e fornire puntualmente e secondo gli standard di mercato i propri servizi, come descritti all\u2019interno del proprio sito internet, Help me post raccoglie e memorizza i seguenti dati:<\/p>\n<p>&nbsp;<\/p>\n<p>I dati e le informazioni forniti dai visitatori\/utenti del proprio sito internet (www.Help me post.com) e dei relativi sottodomini e\/o domini in qualsivoglia modo connessi, presenti e futuri, generati dall\u2019accesso al sito. I sistemi informatici e le procedure software predisposti da Help me post acquisiscono le informazioni inviate al browser dell\u2019utente ed, in particolare: (i) l\u2019indirizzo IP, (ii) il tipo di sistema operativo e browser utilizzato, (iii) le impostazioni, data e ora di utilizzo nonch\u00e9 (iv) la localizzazione (intesa come geo-localizzazione dell\u2019utente) e la lingua utilizzata;<\/p>\n<p>l\u2019area geografica in cui si utilizza il dispositivo dal quale vengono comunicati i dati oggetto della presente informativa e\/o i diversi dispositivi mobili, di volta in volta utilizzati dall\u2019utente;<\/p>\n<p>i dati personali (nome, cognome, <a href=\"https:\/\/helpmepost.com\/blog\/username-generator-come-scegliere-il-nome-utente-perfetto\/\">nome utente<\/a>, indirizzo e-mail e dati di recapito) forniti dagli utenti del proprio sito internet che si iscrivono (i) alla\/e newsletter\/s di Help me post e\/o (ii) scelgono di effettuare la registrazione per (a) utilizzare il piano cd. \u201cfree\u201d e\/o la prova gratuita del piano di abbonamento scelto, (b) per ricevere aggiornamenti sulle nostre attivit\u00e0, e (c) per ricevere comunicazioni promozionali ed inviti ad eventi;<\/p>\n<p>i dati personali ulteriori (nome della societ\u00e0, ragione sociale, recapiti telefonici, indirizzo di fatturazione, partita iva nonch\u00e9 ogni altro dato utile e\/o necessario richiesto dalla normativa di volta in volta applicabile) forniti dagli utenti di Help me post e necessari per completare qualsiasi adempimento fiscale e \u00a0amministrativo, come previsti dalla normativa applicabile;<\/p>\n<p>i contenuti generati dagli utenti e caricati nel sistema in relazione all\u2019utilizzo del servizio (quali, a titolo meramente esemplificativo e non esaustivo, i messaggi, post, commenti, pagine, profili, immagini, comunicazioni scambiate sulle piattaforme supportate, ecc.);<\/p>\n<p>le informazioni inviate volontariamente dagli utenti quali, a mero titolo esemplificativo e non esaustivo, le domande al supporto clienti di Help me post, i commenti sui servizi forniti da Help me post, le risposte ai sondaggi e\/o le altre informazioni opzionali come link ai profili di social network autenticate, di volta in volta, mediante l\u2019utilizzo del proprio account di Help me post.<\/p>\n<ol>\n<li>Finalit\u00e0 e basi giuridiche del trattamento<\/li>\n<\/ol>\n<p>&nbsp;<\/p>\n<p>I dati personali richiesti da Help me post sono raccolti e trattati per le seguenti finalit\u00e0:<\/p>\n<p>&nbsp;<\/p>\n<p>per lo svolgimento delle attivit\u00e0relative e necessarie allo svolgimento del contratto Nel caso di utilizzo in trial dei servizi di Help me post i dati raccolti, ed in particolare quelli relativi al recapito, ivi inclusi gli indirizzi di posta elettronica, a completamento del servizio di prova, potranno essere utilizzati per ricevere un feedback relativamente alla singola esperienza di utilizzo di Help me post da parte dell\u2019utente e verificare direttamente ciascuna esperienza di utilizzo della piattaforma;<\/p>\n<p>per finalit\u00e0 contabili, fiscali, amministrative nonch\u00e9 per l\u2019adempimento di obblighi di legge o nel caso in cui il trattamento dei predetti dati si necessario per dar corso a richieste avanzate dell\u2019autorit\u00e0 giudiziaria e\/o da pubbliche autorit\u00e0 nell\u2019ambito di procedimenti giudiziari e\/o amministrativi e per i quali esista un obbligo di comunicazione dei predetti dati;<\/p>\n<p>in presenza di specifico consenso da parte dell\u2019utente per l\u2019invio periodico, tramite posta elettronica e\/o il proprio account di Help me post, di newsletter\/s e\/o materiale pubblicitario;<\/p>\n<p>nel caso di invio di curriculum vitae, esclusivamente nell\u2019ambito di processi di selezione per i quali l\u2019utente sia stato previamente informato o ai quali l\u2019utente abbia volontariamente partecipato.<\/p>\n<p>Gli ulteriori dati (quali, a mero titolo esemplificativo e non esaustivo, nomi di dominio, indirizzi IP e\/o tipi di browser), rilevati attraverso il sito internet di Help me post, sono e\/o saranno utilizzati per tracciare statistiche di traffico e per esigenze di controllo delle modalit\u00e0 di utilizzo dei servizi di parte delle autorit\u00e0 competenti e non sono e\/o saranno, in alcun modo, accompagnati da alcuna informazione personale aggiuntiva e che non sia strettamente necessaria per le finalit\u00e0 ivi specificate.<\/p>\n<p>&nbsp;<\/p>\n<ol start=\"3\">\n<li>Natura del conferimento<\/li>\n<\/ol>\n<p>Il conferimento dei dati da parte dell\u2019utente per le finalit\u00e0 di cui all\u2019articolo 2, lettera B., punto 2) che precede \u00e8 assolutamente necessario ai fini dell\u2019utilizzazione e fruizione dei servizi di Help me post e l\u2019eventuale rifiuto da parte dell\u2019utente a fornire i propri dati comporter\u00e0 l\u2019impossibilit\u00e0 per Help me post di fornire ed eseguire i propri servizi, senza che ci\u00f2 possa dar luogo ad alcun tipo di inadempimento contrattuale da parte di Help me post.<\/p>\n<p>&nbsp;<\/p>\n<p>Il conferimento dei dati da parte dell\u2019utente per le finalit\u00e0 di cui all\u2019articolo 2, lettera B., punti 1), 3) e 4) che precedono \u00e8 facoltativo e il relativo utilizzo \u00e8 condizionato al rilascio di un esplicito consenso da parte dell\u2019utente. L\u2019eventuale rifiuto da parte dell\u2019utente al rilascio del consenso non impatta sulla possibilit\u00e0 di utilizzare i servizi di Help me post e non produce altro effetto se non quello di escludere l\u2019invio di newsletter\/s e\/o materiale pubblicitario.<\/p>\n<p>&nbsp;<\/p>\n<ol start=\"4\">\n<li>Modalit\u00e0 di trattamento dei Dati<\/li>\n<\/ol>\n<p>I dati raccolti verranno trattati mediante l\u2019utilizzo di strumenti automatizzati elettronici, informatici e telematici e\/o mediante elaborazioni manuali con logiche strettamente correlate alle finalit\u00e0 per le quali i dati personali sono stati raccolti garantendo, ad ogni modo, la sicurezza dei medesimi.<\/p>\n<p>&nbsp;<\/p>\n<p>I suddetti dati verranno memorizzati su supporti informatici, nel rispetto delle misure di sicurezza e nella tutela delle garanzie di sicurezza suggerite dal GDPR.<\/p>\n<p>&nbsp;<\/p>\n<p>Il trattamento dei dati personali \u00e8 realizzato per mezzo delle operazioni indicate all\u2019articolo 4 del D.Lgs. 30 giugno 2003, n. 196 (Codice Privacy) e all\u2019articolo 4, n. 2, del GDPR e precisamente: raccolta, registrazione, organizzazione, conservazione, consultazione, elaborazione, modificazione, selezione, estrazione, raffronto, utilizzo, interconnessione, blocco, comunicazione, cancellazione e distruzione dei dati.<\/p>\n<p>&nbsp;<\/p>\n<p>Tutti dati sono salvati utilizzando una server farm di Help me post che \u00e8 situata in un data center (Google Server) di ultima generazione, altamente sicuro ed in ogni caso in linea con le prescrizioni di legge. Al fine di impedire l\u2019uso improprio di tali dati, Help me post adotta alcune misure di sicurezza specifiche quali, ad esempio, l\u2019archiviazione dei dati riservati in un formato crittografato.<\/p>\n<p>&nbsp;<\/p>\n<p>L\u2019Accordo principale per il trattamento dei dati personali (Master Data Processing Agreement o \u201cMDPA\u201d), descrive le condizioni e le modalit\u00e0 di trattamento dei dati personali eseguito da Help me post e le responsabilit\u00e0 connesse alle attivit\u00e0 di trattamento, ivi incluso l\u2019impegno assunto quale Responsabile del trattamento dei dati personali ai sensi dell\u2019art. 28 GDPR.<\/p>\n<p>&nbsp;<\/p>\n<ol start=\"5\">\n<li>Accesso ai dati<\/li>\n<\/ol>\n<p>I dati potranno essere resi accessibili per le finalit\u00e0 indicate negli articoli 1), 2), 3) e \u00a04) che precedono a:<\/p>\n<p>&nbsp;<\/p>\n<p>personale interno di Help me post S.r.l., a tal fine individuato ed autorizzato al trattamento secondo specifiche istruzioni impartite nel rispetto della normativa vigente;<\/p>\n<p>a terzi soggetti (ad esempio studi professionali e\/o consulenti esterni) che svolgono attivit\u00e0 di assistenza e consulenza \u00a0per conto di Help me post, nella loro qualit\u00e0 di responsabili esterni del trattamento, solo per le finalit\u00e0 strettamente necessarie all\u2019utilizzo degli stessi;<\/p>\n<p>a societ\u00e0 che svolgono servizi connessi e strumentali all\u2019esecuzione delle finalit\u00e0 sopra indicate quali, a mero titolo esemplificativo e non esaustivo, societ\u00e0 di gestione pagamenti tramite carta di credito (Stripe).<\/p>\n<p>Help me post si impegna a non utilizzare n\u00e9 condividere, anche per il futuro, i dati personali in modo non conforme a quanto descritto nella presente Informativa sulla privacy senza informare l\u2019utente di volta in volte interessato, concedendogli l\u2019opportunit\u00e0 di rifiutare esplicitamente il consenso per attivit\u00e0 diverse da quelle descritte ed prevenendo l\u2019utilizzo non conformi dei predetti dati.<\/p>\n<p>&nbsp;<\/p>\n<ol start=\"6\">\n<li>Durata del trattamento<\/li>\n<\/ol>\n<p>Il trattamento avr\u00e0 una durata non superiore \u00a0a quella necessaria alle finalit\u00e0 per le quali i dati sono stati raccolti e, comunque, potr\u00e0 variare in relazione alle scelte dell\u2019utente con riferimento agli accordi contrattuali di volta in volta sottoscritti con Help me post.<\/p>\n<p>&nbsp;<\/p>\n<p>E\u2019 facolt\u00e0 dell\u2019utente, in ogni momento, chiedere l\u2019interruzione, la limitazione e\/o la cancellazione dei dati inviando una richiesta a: info@Help me post.com. In tal caso, trover\u00e0 applicazione quanto gi\u00f2 indicato all\u2019articolo 3 che precede.<\/p>\n<p>&nbsp;<\/p>\n<ol start=\"7\">\n<li>Trasferimento dei dati<\/li>\n<\/ol>\n<p>La gestione e la conservazione dei dati personali avverr\u00e0 su server di propriet\u00e0 di Help me post e\/o di societ\u00e0 terze appositamente incaricate da Help me post e debitamente nominate quali responsabili del trattamento dei predetti dati. Detti server saranno ubicati all\u2019esterno del territorio dell\u2019Unione Europea.<\/p>\n<p>&nbsp;<\/p>\n<p>L\u2019attuale cloud provider di Help me post \u00e8 Google inc., operante negli Stati Uniti. Il provider si \u00e8 gi\u00e0 adeguato ai criteri di privacy imposti dal GDPR, come meglio desumibile al seguente indirizzo internet: https:\/\/policies.google.com\/privacy?hl=it.<\/p>\n<p>&nbsp;<\/p>\n<p>I dati personali forniti dall\u2019utente per permettere l\u2019invio (i) di comunicazioni commerciali tramite posta elettronica su prodotti, iniziative e\/o servizi proposti da Help me post \u00a0e\/o (ii) di newsletter contenenti approfondimenti sono trattati in via telematica attraverso l\u2019utilizzo di due software denominati \u201cMailchimp\u201d e \u201cSendGrid\u201d.<\/p>\n<p>&nbsp;<\/p>\n<p>Il servizio \u201cMailchimp\u201d \u00e8 fornito dal sito http:\/\/mailchimp.com\/, le cui informazioni in materia di privacy sono disponibili al seguente indirizzo internet: http:\/\/www.mailchimp.com\/legal\/.<\/p>\n<p>&nbsp;<\/p>\n<p>Il servizio \u201cSendgrid\u201d \u00e8 fornito dal sito http:\/\/sendgrid.com\/, le cui informazioni in materia di privacy sono disponibili sul sito internet https:\/\/sendgrid.com\/policies\/tos\/.<\/p>\n<p>&nbsp;<\/p>\n<ol start=\"8\">\n<li>Diritti dell\u2019interessato<\/li>\n<\/ol>\n<p>Ogni utente, nella propria qualit\u00e0 di soggetto \u201cInteressato\u201d, ha i diritti di cui all\u2019articolo 7 del Codice Privacy e all\u2019articolo 15 del GDPR e, precisamente, i diritti di:<\/p>\n<p>&nbsp;<\/p>\n<p>ottenere la conferma dell\u2019esistenza o meno di dati personali che lo riguardano negli archivi di Help me post, anche se non ancora registrati, e la loro comunicazione in forma intelligibile;<\/p>\n<p>ottenere l\u2019indicazione: a) dell\u2019origine dei dati personali; b) delle finalit\u00e0 e modalit\u00e0 del trattamento; c) della logica applicata in caso di trattamento effettuato con l\u2019ausilio di strumenti elettronici; d) degli estremi identificativi del titolare, dei responsabili e del rappresentante designato ai sensi dell\u2019articolo 5, comma 2, del Codice Privacy e dell\u2019articolo 3, comma 1, del GDPR; e) dei soggetti o delle categorie di soggetti ai quali i dati personali possono essere comunicati o che possono venire a conoscenza dei predetti dati in qualit\u00e0 di rappresentanti designati nel territorio dello stato italiano, di responsabili o incaricati;<\/p>\n<p>ottenere: a) l\u2019aggiornamento, la modifica, l\u2019aggiornamento ovvero, in caso di specifico interesse, l\u2019integrazione dei dati; b) la cancellazione, la trasformazione in forma anonima o il blocco dei dati trattati in violazione di legge, compresi quelli di cui non \u00e8 necessaria la conservazione in relazione agli scopi per i quali i dati sono stati raccolti e\/o successivamente trattati; c) l\u2019attestazione che le operazioni di cui alle lettere a) e b) sono state portate a conoscenza, anche per quanto riguarda il loro contenuto, di coloro ai quali i dati sono stati comunicati e\/o diffusi, eccettuato il caso in cui tale adempimento si riveli impossibile o comporti un impiego di mezzi manifestamente sproporzionato rispetto al diritto tutelato;<\/p>\n<p>opporsi, in tutto o in parte: a) per motivi legittimi, al trattamento dei dati personali che riguardano l\u2019utente, ancorch\u00e9 pertinenti allo scopo della raccolta; b) al trattamento di dati personali che riguardano l\u2019utente a fini di invio di materiale pubblicitario e\/o di vendita diretta e\/o per il compimento di ricerche di mercato o di comunicazione commerciale, mediante l\u2019uso di sistemi automatizzati di chiamata senza l\u2019intervento di un operatore mediante posta elettronica e\/o mediante modalit\u00e0 di marketing tradizionali (i.e. mediante telefono e\/o posta cartacea).<\/p>\n<p>1.A tal proposito, Help me post fa presente che il diritto di opposizione dell\u2019interessato, come sopra esposto, per finalit\u00e0 di marketing diretto mediante modalit\u00e0 automatizzate si estende anche al marketing tradizionale. In ogni caso, \u00a0resta salva la possibilit\u00e0 per l\u2019interessato di esercitare il diritto di opposizione anche solo in parte. Pertanto, l\u2019interessato pu\u00f2 decidere di ricevere solo comunicazioni (i) mediante modalit\u00e0 tradizionali ovvero (ii) solo comunicazioni automatizzate oppure (iii) nessuna delle due tipologie di comunicazione.<\/p>\n<p>Ove applicabili, l\u2019utente ha, altres\u00ec, i diritti di cui agli articoli da 16 a 21 del GDPR (i.e. diritto di rettifica, diritto all\u2019oblio, diritto di limitazione di trattamento, diritto alla portabilit\u00e0 dei dati, diritto di opposizione), nonch\u00e9 il diritto di reclamo all\u2019Autorit\u00e0 Garante per la Protezione dei Dati Personali.<\/p>\n<ol start=\"9\">\n<li>Modalit\u00e0 di esercizio dei diritti.<\/li>\n<\/ol>\n<p>Come gi\u00e0 indicato in precedenza, l\u2019utente ha, in ogni momento, la possibilit\u00e0 di opporsi al trattamento dei propri dati e\/o chiedere la cancellazione, la modifica o l\u2019aggiornamento di tutte le informazioni personali in possesso di Help me post.<\/p>\n<p>Tali facolt\u00e0 possono essere esercitare dall\u2019utente inviando una comunicazione al seguente indirizzo di posta elettronica:\u00a0info@Gianlucagentile.com.<\/p>\n<ol start=\"10\">\n<li>Minori<\/li>\n<\/ol>\n<p>Il sito internet di Help me post, cos\u00ec come i servizi ivi offerti, non sono destinati a soggetti minori di 18 anni. \u00a0Per tale ragione, Help me post non raccoglier\u00e0, utilizzer\u00e0 n\u00e9 divulgher\u00e0 intenzionalmente dati personali riferiti a soggetti minori di 18 anni.<\/p>\n<p>&nbsp;<\/p>\n<p>Nel caso in cui informazioni su minori fossero involontariamente registrate, anche a causa di dichiarazioni mendaci da parte degli utenti, Help me post provveder\u00e0 alla cancellazione tempestiva, su richiesta degli utenti e\/o, in ogni caso, non appena verr\u00e0 a conoscenza della causa che ne legittima la cancellazione.<\/p>\n<p>&nbsp;<\/p>\n","protected":false},"excerpt":{"rendered":"<p>Informativa Privacy\u00a0Gentile Utente, di seguito, sono elencate le modalit\u00e0 di trattamento dei dati che Help me post, come di seguito meglio indicata, raccoglie e tratta per la fornitura dei propri servizi. &nbsp; Titolare del trattamento G Tech Group di Gianluca Gentile \u00a0( di seguito \u201cG Tech Group\u201d), societ\u00e0 di diritto italiana con sede legale, \u00a0Via [&hellip;]<\/p>\n","protected":false},"author":1,"featured_media":0,"parent":0,"menu_order":0,"comment_status":"closed","ping_status":"closed","template":"","meta":{"_seopress_robots_primary_cat":"","_seopress_titles_title":"","_seopress_titles_desc":"","_seopress_robots_index":"","footnotes":""},"class_list":["post-158","page","type-page","status-publish","hentry"],"_links":{"self":[{"href":"https:\/\/helpmepost.com\/blog\/wp-json\/wp\/v2\/pages\/158","targetHints":{"allow":["GET"]}}],"collection":[{"href":"https:\/\/helpmepost.com\/blog\/wp-json\/wp\/v2\/pages"}],"about":[{"href":"https:\/\/helpmepost.com\/blog\/wp-json\/wp\/v2\/types\/page"}],"author":[{"embeddable":true,"href":"https:\/\/helpmepost.com\/blog\/wp-json\/wp\/v2\/users\/1"}],"replies":[{"embeddable":true,"href":"https:\/\/helpmepost.com\/blog\/wp-json\/wp\/v2\/comments?post=158"}],"version-history":[{"count":0,"href":"https:\/\/helpmepost.com\/blog\/wp-json\/wp\/v2\/pages\/158\/revisions"}],"wp:attachment":[{"href":"https:\/\/helpmepost.com\/blog\/wp-json\/wp\/v2\/media?parent=158"}],"curies":[{"name":"wp","href":"https:\/\/api.w.org\/{rel}","templated":true}]}}